{"id":2341,"date":"2024-05-05T23:56:58","date_gmt":"2024-05-05T21:56:58","guid":{"rendered":"https:\/\/liberta-photographie.ch\/bienvenue-sur-mon-site\/?page_id=2341"},"modified":"2024-05-16T00:55:00","modified_gmt":"2024-05-15T22:55:00","slug":"bienvenue","status":"publish","type":"page","link":"https:\/\/liberta-photographie.ch\/bienvenue-sur-mon-site\/","title":{"rendered":"Bienvenue"},"content":{"rendered":"\n<figure class=\"wp-block-image aligncenter size-large is-resized\"><img loading=\"lazy\" decoding=\"async\" width=\"724\" height=\"1024\" src=\"https:\/\/liberta-photographie.ch\/wp-content\/uploads\/2024\/01\/Liberta-Photographie-Autoportrait-de-Face-1-724x1024.png\" alt=\"\" class=\"wp-image-2187\" style=\"width:371px;height:auto\" srcset=\"https:\/\/liberta-photographie.ch\/wp-content\/uploads\/2024\/01\/Liberta-Photographie-Autoportrait-de-Face-1-724x1024.png 724w, https:\/\/liberta-photographie.ch\/wp-content\/uploads\/2024\/01\/Liberta-Photographie-Autoportrait-de-Face-1-212x300.png 212w, https:\/\/liberta-photographie.ch\/wp-content\/uploads\/2024\/01\/Liberta-Photographie-Autoportrait-de-Face-1-768x1086.png 768w, https:\/\/liberta-photographie.ch\/wp-content\/uploads\/2024\/01\/Liberta-Photographie-Autoportrait-de-Face-1-1086x1536.png 1086w, https:\/\/liberta-photographie.ch\/wp-content\/uploads\/2024\/01\/Liberta-Photographie-Autoportrait-de-Face-1-1448x2048.png 1448w, https:\/\/liberta-photographie.ch\/wp-content\/uploads\/2024\/01\/Liberta-Photographie-Autoportrait-de-Face-1-1320x1867.png 1320w, https:\/\/liberta-photographie.ch\/wp-content\/uploads\/2024\/01\/Liberta-Photographie-Autoportrait-de-Face-1-600x848.png 600w\" sizes=\"auto, (max-width: 724px) 100vw, 724px\" \/><\/figure>\n\n\n\n<figure class=\"wp-block-gallery has-nested-images columns-default is-cropped wp-block-gallery-1 is-layout-flex wp-block-gallery-is-layout-flex\">\n<figure class=\"wp-block-image size-large\"><img loading=\"lazy\" decoding=\"async\" width=\"724\" height=\"1024\" data-id=\"2193\" src=\"https:\/\/liberta-photographie.ch\/wp-content\/uploads\/2024\/01\/Liberta-Photographie-Satan-le-puma-des-neiges-1-724x1024.png\" alt=\"\" class=\"wp-image-2193\" srcset=\"https:\/\/liberta-photographie.ch\/wp-content\/uploads\/2024\/01\/Liberta-Photographie-Satan-le-puma-des-neiges-1-724x1024.png 724w, https:\/\/liberta-photographie.ch\/wp-content\/uploads\/2024\/01\/Liberta-Photographie-Satan-le-puma-des-neiges-1-212x300.png 212w, https:\/\/liberta-photographie.ch\/wp-content\/uploads\/2024\/01\/Liberta-Photographie-Satan-le-puma-des-neiges-1-768x1086.png 768w, https:\/\/liberta-photographie.ch\/wp-content\/uploads\/2024\/01\/Liberta-Photographie-Satan-le-puma-des-neiges-1-1086x1536.png 1086w, https:\/\/liberta-photographie.ch\/wp-content\/uploads\/2024\/01\/Liberta-Photographie-Satan-le-puma-des-neiges-1-1448x2048.png 1448w, https:\/\/liberta-photographie.ch\/wp-content\/uploads\/2024\/01\/Liberta-Photographie-Satan-le-puma-des-neiges-1-1320x1867.png 1320w, https:\/\/liberta-photographie.ch\/wp-content\/uploads\/2024\/01\/Liberta-Photographie-Satan-le-puma-des-neiges-1-600x848.png 600w\" sizes=\"auto, (max-width: 724px) 100vw, 724px\" \/><figcaption class=\"wp-element-caption\">Authenticit\u00e9<\/figcaption><\/figure>\n\n\n\n<figure class=\"wp-block-image size-large\"><img loading=\"lazy\" decoding=\"async\" width=\"724\" height=\"1024\" data-id=\"2063\" src=\"https:\/\/liberta-photographie.ch\/wp-content\/uploads\/2023\/03\/Liberta-Photographie-Eclair-724x1024.jpg\" alt=\"\" class=\"wp-image-2063\" srcset=\"https:\/\/liberta-photographie.ch\/wp-content\/uploads\/2023\/03\/Liberta-Photographie-Eclair-724x1024.jpg 724w, https:\/\/liberta-photographie.ch\/wp-content\/uploads\/2023\/03\/Liberta-Photographie-Eclair-scaled-600x849.jpg 600w, https:\/\/liberta-photographie.ch\/wp-content\/uploads\/2023\/03\/Liberta-Photographie-Eclair-212x300.jpg 212w, https:\/\/liberta-photographie.ch\/wp-content\/uploads\/2023\/03\/Liberta-Photographie-Eclair-768x1086.jpg 768w, https:\/\/liberta-photographie.ch\/wp-content\/uploads\/2023\/03\/Liberta-Photographie-Eclair-1086x1536.jpg 1086w, https:\/\/liberta-photographie.ch\/wp-content\/uploads\/2023\/03\/Liberta-Photographie-Eclair-1448x2048.jpg 1448w, https:\/\/liberta-photographie.ch\/wp-content\/uploads\/2023\/03\/Liberta-Photographie-Eclair-1240x1754.jpg 1240w, https:\/\/liberta-photographie.ch\/wp-content\/uploads\/2023\/03\/Liberta-Photographie-Eclair-508x718.jpg 508w, https:\/\/liberta-photographie.ch\/wp-content\/uploads\/2023\/03\/Liberta-Photographie-Eclair-1320x1867.jpg 1320w, https:\/\/liberta-photographie.ch\/wp-content\/uploads\/2023\/03\/Liberta-Photographie-Eclair-scaled.jpg 1810w\" sizes=\"auto, (max-width: 724px) 100vw, 724px\" \/><figcaption class=\"wp-element-caption\">Qualit\u00e9<\/figcaption><\/figure>\n\n\n\n<figure class=\"wp-block-image size-large\"><img loading=\"lazy\" decoding=\"async\" width=\"1024\" height=\"1024\" data-id=\"864\" src=\"https:\/\/liberta-photographie.ch\/wp-content\/uploads\/2018\/11\/DSC8090_1-1-1024x1024.jpg\" alt=\"\" class=\"wp-image-864\" srcset=\"https:\/\/liberta-photographie.ch\/wp-content\/uploads\/2018\/11\/DSC8090_1-1-1024x1024.jpg 1024w, https:\/\/liberta-photographie.ch\/wp-content\/uploads\/2018\/11\/DSC8090_1-1-300x300.jpg 300w, https:\/\/liberta-photographie.ch\/wp-content\/uploads\/2018\/11\/DSC8090_1-1-100x100.jpg 100w, https:\/\/liberta-photographie.ch\/wp-content\/uploads\/2018\/11\/DSC8090_1-1-600x600.jpg 600w, https:\/\/liberta-photographie.ch\/wp-content\/uploads\/2018\/11\/DSC8090_1-1-150x150.jpg 150w, https:\/\/liberta-photographie.ch\/wp-content\/uploads\/2018\/11\/DSC8090_1-1-768x768.jpg 768w\" sizes=\"auto, (max-width: 1024px) 100vw, 1024px\" \/><figcaption class=\"wp-element-caption\">Passion Cr\u00e9ativit\u00e9<\/figcaption><\/figure>\n<\/figure>\n\n\n\n<p class=\"has-text-align-center\">Bonjour, je m&rsquo;appelle Deborah, j&rsquo;ai 30 ans et je vie \u00e0 Gen\u00e8ve. <\/p>\n\n\n\n<p class=\"has-text-align-center\">J&rsquo;exerce ma passion depuis 2007 en autodidacte, puis je me suis form\u00e9 en tant<br>qu&rsquo;artiste (obtention maturit\u00e9 artistique) <\/p>\n\n\n\n<p class=\"has-text-align-center\">L&rsquo;ouverture de mon entreprise c&rsquo;est fait en mai<br>2022.<\/p>\n\n\n\n<p class=\"has-text-align-center\"><strong> Le saviez-vous ? <\/strong><\/p>\n\n\n\n<p class=\"has-text-align-center\">A ces heures perdues ma maman exer\u00e7ait la photographie.<\/p>\n\n\n\n<p class=\"has-text-align-center\"><strong>Ma D\u00e9marche artistique <\/strong><\/p>\n\n\n\n<p class=\"has-text-align-center\">Ayant eu une enfance un peu compliqu\u00e9e c&rsquo;est la photographie qui m&rsquo;a permis d&rsquo;avoir une stabilit\u00e9 dans ma vie. D\u00e8s que j&rsquo;ai eu l&rsquo;appareil photographique entre les mains j&rsquo;ai su que ce serait mon m\u00e9tier, que ce soit par passion ou travail la photographie \u00e0 former mon caract\u00e8re et mon caract\u00e8re<br>c&rsquo;est forger \u00e0 mon style.<\/p>\n\n\n\n<p class=\"has-text-align-center\"><strong>Mon mantra <\/strong><\/p>\n\n\n\n<p class=\"has-text-align-center\"><em>\u00ab\u00a0M\u00eame dans un brouillon, on trouve une perfection \u00a0\u00bb <\/em><\/p>\n\n\n\n<p class=\"has-text-align-center\">Cela signifie qu&rsquo;on a toujours en nous un peu de magie que je fais ressortir lors des s\u00e9ances afin de vous redonner confiance en vous ou pouvoir admirer quelque choses que<br>vous n&rsquo;aurez peut-\u00eatre pas vu.<\/p>\n\n\n\n<p class=\"has-text-align-center\"><strong>Pourquoi Liberta Photographie? <\/strong><\/p>\n\n\n\n<p class=\"has-text-align-center\">Pour moi faire de la photographie est synonyme de Libert\u00e9, c&rsquo;est vraiment ce qui m&rsquo;a sorti des moments d\u00e9sagr\u00e9ables de ma vie, ce qui me fait me sentir libre, ce qui me permet de m&rsquo;exprimer. Car \u00e9tant hypersensible je recherche tr\u00e8s souvent mes<br>mots.<\/p>\n\n\n\n<p class=\"has-text-align-center\"><strong>Pourquoi la photographie ? <\/strong><\/p>\n\n\n\n<p class=\"has-text-align-center\">De base c&rsquo;\u00e9tait pour immortaliser les concours d&rsquo;\u00e9quitation pour ma Soeur, je<br>trouvais important d&rsquo;avoir ses souvenirs. Par la suite je me suis naturellement<br>int\u00e9ress\u00e9 \u00e0 l&rsquo;appareil photographique. Puis j&rsquo;ai compris que la photographie pouvait parler pour moi et \u00e9galement pour d&rsquo;autres personnes et que gr\u00e2ce \u00e0 la photographie je pouvais faire passer les messages afin de lib\u00e9rer la ou les personnes. Alors dans ce cas pourquoi les animaux ? Ils ont un coeur humble et nous disent clairement Non. Leurs franchises m&rsquo;ont transperc\u00e9 et j&rsquo;aime mettre en valeur<br>leur caract\u00e8re.<\/p>\n\n\n\n<p><\/p>\n","protected":false},"excerpt":{"rendered":"<p>Bonjour, je m&rsquo;appelle Deborah, j&rsquo;ai 30 ans et je vie \u00e0 Gen\u00e8ve. J&rsquo;exerce ma passion depuis 2007 en autodidacte, puis je me suis form\u00e9 en tantqu&rsquo;artiste (obtention maturit\u00e9 artistique) L&rsquo;ouverture de mon entreprise c&rsquo;est fait en mai2022. Le saviez-vous ? A ces heures perdues ma maman exer\u00e7ait la photographie. Ma D\u00e9marche artistique Ayant eu une [&hellip;]<\/p>\n","protected":false},"author":1,"featured_media":0,"parent":0,"menu_order":0,"comment_status":"closed","ping_status":"closed","template":"","meta":{"footnotes":""},"class_list":["post-2341","page","type-page","status-publish","hentry"],"jetpack_sharing_enabled":true,"_links":{"self":[{"href":"https:\/\/liberta-photographie.ch\/bienvenue-sur-mon-site\/wp-json\/wp\/v2\/pages\/2341","targetHints":{"allow":["GET"]}}],"collection":[{"href":"https:\/\/liberta-photographie.ch\/bienvenue-sur-mon-site\/wp-json\/wp\/v2\/pages"}],"about":[{"href":"https:\/\/liberta-photographie.ch\/bienvenue-sur-mon-site\/wp-json\/wp\/v2\/types\/page"}],"author":[{"embeddable":true,"href":"https:\/\/liberta-photographie.ch\/bienvenue-sur-mon-site\/wp-json\/wp\/v2\/users\/1"}],"replies":[{"embeddable":true,"href":"https:\/\/liberta-photographie.ch\/bienvenue-sur-mon-site\/wp-json\/wp\/v2\/comments?post=2341"}],"version-history":[{"count":1,"href":"https:\/\/liberta-photographie.ch\/bienvenue-sur-mon-site\/wp-json\/wp\/v2\/pages\/2341\/revisions"}],"predecessor-version":[{"id":2342,"href":"https:\/\/liberta-photographie.ch\/bienvenue-sur-mon-site\/wp-json\/wp\/v2\/pages\/2341\/revisions\/2342"}],"wp:attachment":[{"href":"https:\/\/liberta-photographie.ch\/bienvenue-sur-mon-site\/wp-json\/wp\/v2\/media?parent=2341"}],"curies":[{"name":"wp","href":"https:\/\/api.w.org\/{rel}","templated":true}]}}