{"id":1972,"date":"2023-02-15T22:19:38","date_gmt":"2023-02-15T21:19:38","guid":{"rendered":"https:\/\/liberta-photographie.ch\/produit\/hoodie-with-logo\/"},"modified":"2026-04-13T02:22:24","modified_gmt":"2026-04-13T00:22:24","slug":"hoodie-with-logo","status":"publish","type":"product","link":"https:\/\/liberta-photographie.ch\/bienvenue-sur-mon-site\/produit\/hoodie-with-logo\/","title":{"rendered":"Nuages"},"content":{"rendered":"<h4 style=\"text-align: center;\">Nuages<\/h4>\n<div id='gallery-1' class='gallery galleryid-1972 gallery-columns-1 gallery-size-large'><figure class='gallery-item'>\n\t\t\t<div class='gallery-icon portrait'>\n\t\t\t\t<a href='https:\/\/liberta-photographie.ch\/wp-content\/uploads\/2023\/02\/Liberta-Photographie-Nuages.png'><img loading=\"lazy\" decoding=\"async\" width=\"724\" height=\"1024\" src=\"https:\/\/liberta-photographie.ch\/wp-content\/uploads\/2023\/02\/Liberta-Photographie-Nuages-724x1024.png\" class=\"attachment-large size-large\" alt=\"\" srcset=\"https:\/\/liberta-photographie.ch\/wp-content\/uploads\/2023\/02\/Liberta-Photographie-Nuages-724x1024.png 724w, https:\/\/liberta-photographie.ch\/wp-content\/uploads\/2023\/02\/Liberta-Photographie-Nuages-600x848.png 600w, https:\/\/liberta-photographie.ch\/wp-content\/uploads\/2023\/02\/Liberta-Photographie-Nuages-212x300.png 212w, https:\/\/liberta-photographie.ch\/wp-content\/uploads\/2023\/02\/Liberta-Photographie-Nuages-768x1086.png 768w, https:\/\/liberta-photographie.ch\/wp-content\/uploads\/2023\/02\/Liberta-Photographie-Nuages-1086x1536.png 1086w, https:\/\/liberta-photographie.ch\/wp-content\/uploads\/2023\/02\/Liberta-Photographie-Nuages-1448x2048.png 1448w, https:\/\/liberta-photographie.ch\/wp-content\/uploads\/2023\/02\/Liberta-Photographie-Nuages-1240x1754.png 1240w, https:\/\/liberta-photographie.ch\/wp-content\/uploads\/2023\/02\/Liberta-Photographie-Nuages-508x718.png 508w, https:\/\/liberta-photographie.ch\/wp-content\/uploads\/2023\/02\/Liberta-Photographie-Nuages-1320x1867.png 1320w\" sizes=\"auto, (max-width: 724px) 100vw, 724px\" \/><\/a>\n\t\t\t<\/div><\/figure>\n\t\t<\/div>\n\n<p style=\"text-align: center;\"><img loading=\"lazy\" decoding=\"async\" class=\"alignnone size-full wp-image-1996\" src=\"https:\/\/liberta-photographie.ch\/wp-content\/uploads\/2023\/02\/Nuages.png\" alt=\"\" width=\"6000\" height=\"4000\" srcset=\"https:\/\/liberta-photographie.ch\/wp-content\/uploads\/2023\/02\/Nuages.png 6000w, https:\/\/liberta-photographie.ch\/wp-content\/uploads\/2023\/02\/Nuages-600x400.png 600w, https:\/\/liberta-photographie.ch\/wp-content\/uploads\/2023\/02\/Nuages-300x200.png 300w, https:\/\/liberta-photographie.ch\/wp-content\/uploads\/2023\/02\/Nuages-1024x683.png 1024w, https:\/\/liberta-photographie.ch\/wp-content\/uploads\/2023\/02\/Nuages-768x512.png 768w, https:\/\/liberta-photographie.ch\/wp-content\/uploads\/2023\/02\/Nuages-1536x1024.png 1536w, https:\/\/liberta-photographie.ch\/wp-content\/uploads\/2023\/02\/Nuages-2048x1365.png 2048w, https:\/\/liberta-photographie.ch\/wp-content\/uploads\/2023\/02\/Nuages-1240x827.png 1240w, https:\/\/liberta-photographie.ch\/wp-content\/uploads\/2023\/02\/Nuages-508x339.png 508w, https:\/\/liberta-photographie.ch\/wp-content\/uploads\/2023\/02\/Nuages-1320x880.png 1320w\" sizes=\"auto, (max-width: 6000px) 100vw, 6000px\" \/>Cr\u00e9ation 2022<\/p>\n<p>&nbsp;<\/p>\n<p style=\"text-align: center;\">Oeuvre r\u00e9alis\u00e9 lors d&rsquo;une belle journ\u00e9e de Mai \u00e0 Bellegarde sur Valserine sur le balcon de chez mon homme.<\/p>\n<p>Ce f\u00fbt un moment captur\u00e9 car il est tr\u00e8s rare lorsqu&rsquo;on photographie la nature d&rsquo;avoir deux fois la m\u00eame situation, composition et les m\u00eames couleurs. Pour nous montrer que ce moment peut arriver qu&rsquo;une seule fois on aper\u00e7oit une trace d&rsquo;un passage d&rsquo;avion.<\/p>\n<p style=\"text-align: center;\">Impression limit\u00e9e \u00e0 10 exemplaires sur Papier fine art en taille A3, 29,7 \u00a0cm par 42 cm<\/p>\n","protected":false},"excerpt":{"rendered":"<p style=\"text-align: center;\">Impression limit\u00e9e \u00e0 10 exemplaires sur Papier fine art en taille A3, 29,7 \u00a0cm par 42 cm<\/p>\n<p>Le Papier Fine Art est textur\u00e9 et pour avoir un Tirage sans reflet lors de l&rsquo;encadrement pens\u00e9 a pr\u00e9coniser une vitre anti reflet.<\/p>\n","protected":false},"featured_media":1980,"comment_status":"open","ping_status":"closed","template":"","meta":[],"product_brand":[],"product_cat":[30],"product_tag":[],"class_list":{"0":"post-1972","1":"product","2":"type-product","3":"status-publish","4":"has-post-thumbnail","6":"product_cat-hoodies","8":"first","9":"instock","10":"taxable","11":"shipping-taxable","12":"purchasable","13":"product-type-simple"},"jetpack_sharing_enabled":true,"_links":{"self":[{"href":"https:\/\/liberta-photographie.ch\/bienvenue-sur-mon-site\/wp-json\/wp\/v2\/product\/1972","targetHints":{"allow":["GET"]}}],"collection":[{"href":"https:\/\/liberta-photographie.ch\/bienvenue-sur-mon-site\/wp-json\/wp\/v2\/product"}],"about":[{"href":"https:\/\/liberta-photographie.ch\/bienvenue-sur-mon-site\/wp-json\/wp\/v2\/types\/product"}],"replies":[{"embeddable":true,"href":"https:\/\/liberta-photographie.ch\/bienvenue-sur-mon-site\/wp-json\/wp\/v2\/comments?post=1972"}],"wp:featuredmedia":[{"embeddable":true,"href":"https:\/\/liberta-photographie.ch\/bienvenue-sur-mon-site\/wp-json\/wp\/v2\/media\/1980"}],"wp:attachment":[{"href":"https:\/\/liberta-photographie.ch\/bienvenue-sur-mon-site\/wp-json\/wp\/v2\/media?parent=1972"}],"wp:term":[{"taxonomy":"product_brand","embeddable":true,"href":"https:\/\/liberta-photographie.ch\/bienvenue-sur-mon-site\/wp-json\/wp\/v2\/product_brand?post=1972"},{"taxonomy":"product_cat","embeddable":true,"href":"https:\/\/liberta-photographie.ch\/bienvenue-sur-mon-site\/wp-json\/wp\/v2\/product_cat?post=1972"},{"taxonomy":"product_tag","embeddable":true,"href":"https:\/\/liberta-photographie.ch\/bienvenue-sur-mon-site\/wp-json\/wp\/v2\/product_tag?post=1972"}],"curies":[{"name":"wp","href":"https:\/\/api.w.org\/{rel}","templated":true}]}}