{"id":2062,"date":"2023-03-09T00:02:52","date_gmt":"2023-03-08T23:02:52","guid":{"rendered":"https:\/\/liberta-photographie.ch\/bienvenue-sur-mon-site\/?post_type=product&#038;p=2062"},"modified":"2026-05-04T00:04:35","modified_gmt":"2026-05-03T22:04:35","slug":"flash-of-lighting","status":"publish","type":"product","link":"https:\/\/liberta-photographie.ch\/bienvenue-sur-mon-site\/produit\/flash-of-lighting\/","title":{"rendered":"Flash of lighting"},"content":{"rendered":"<h4 style=\"text-align: center;\">flash of lighting<\/h4>\n<p><img loading=\"lazy\" decoding=\"async\" class=\"alignnone size-full wp-image-2063\" src=\"https:\/\/liberta-photographie.ch\/wp-content\/uploads\/2023\/03\/Liberta-Photographie-Eclair-scaled.jpg\" alt=\"\" width=\"1810\" height=\"2560\" srcset=\"https:\/\/liberta-photographie.ch\/wp-content\/uploads\/2023\/03\/Liberta-Photographie-Eclair-scaled.jpg 1810w, https:\/\/liberta-photographie.ch\/wp-content\/uploads\/2023\/03\/Liberta-Photographie-Eclair-scaled-600x849.jpg 600w, https:\/\/liberta-photographie.ch\/wp-content\/uploads\/2023\/03\/Liberta-Photographie-Eclair-212x300.jpg 212w, https:\/\/liberta-photographie.ch\/wp-content\/uploads\/2023\/03\/Liberta-Photographie-Eclair-724x1024.jpg 724w, https:\/\/liberta-photographie.ch\/wp-content\/uploads\/2023\/03\/Liberta-Photographie-Eclair-768x1086.jpg 768w, https:\/\/liberta-photographie.ch\/wp-content\/uploads\/2023\/03\/Liberta-Photographie-Eclair-1086x1536.jpg 1086w, https:\/\/liberta-photographie.ch\/wp-content\/uploads\/2023\/03\/Liberta-Photographie-Eclair-1448x2048.jpg 1448w, https:\/\/liberta-photographie.ch\/wp-content\/uploads\/2023\/03\/Liberta-Photographie-Eclair-1240x1754.jpg 1240w, https:\/\/liberta-photographie.ch\/wp-content\/uploads\/2023\/03\/Liberta-Photographie-Eclair-508x718.jpg 508w, https:\/\/liberta-photographie.ch\/wp-content\/uploads\/2023\/03\/Liberta-Photographie-Eclair-1320x1867.jpg 1320w\" sizes=\"auto, (max-width: 1810px) 100vw, 1810px\" \/> <img loading=\"lazy\" decoding=\"async\" class=\"alignnone size-full wp-image-2064\" src=\"https:\/\/liberta-photographie.ch\/wp-content\/uploads\/2023\/03\/Eclair-Cadre-scaled.jpg\" alt=\"\" width=\"2560\" height=\"1707\" srcset=\"https:\/\/liberta-photographie.ch\/wp-content\/uploads\/2023\/03\/Eclair-Cadre-scaled.jpg 2560w, https:\/\/liberta-photographie.ch\/wp-content\/uploads\/2023\/03\/Eclair-Cadre-scaled-600x400.jpg 600w, https:\/\/liberta-photographie.ch\/wp-content\/uploads\/2023\/03\/Eclair-Cadre-300x200.jpg 300w, https:\/\/liberta-photographie.ch\/wp-content\/uploads\/2023\/03\/Eclair-Cadre-1024x683.jpg 1024w, https:\/\/liberta-photographie.ch\/wp-content\/uploads\/2023\/03\/Eclair-Cadre-768x512.jpg 768w, https:\/\/liberta-photographie.ch\/wp-content\/uploads\/2023\/03\/Eclair-Cadre-1536x1024.jpg 1536w, https:\/\/liberta-photographie.ch\/wp-content\/uploads\/2023\/03\/Eclair-Cadre-2048x1365.jpg 2048w, https:\/\/liberta-photographie.ch\/wp-content\/uploads\/2023\/03\/Eclair-Cadre-1240x827.jpg 1240w, https:\/\/liberta-photographie.ch\/wp-content\/uploads\/2023\/03\/Eclair-Cadre-508x339.jpg 508w, https:\/\/liberta-photographie.ch\/wp-content\/uploads\/2023\/03\/Eclair-Cadre-1320x880.jpg 1320w\" sizes=\"auto, (max-width: 2560px) 100vw, 2560px\" \/><\/p>\n<p style=\"text-align: center;\">Cr\u00e9ation 2022<\/p>\n<p style=\"text-align: center;\">Oeuvre r\u00e9alis\u00e9 lors d&rsquo;un orage.<\/p>\n<p style=\"text-align: center;\">Il s&rsquo;agit d&rsquo;une photographie prise une nuit orageuse, il s&rsquo;agit litt\u00e9ralement d&rsquo;un coup de chance car je pensai rentrer bredouille de ma sorti et la surprise en est d&rsquo;autant plus belle.<\/p>\n<p style=\"text-align: center;\">Impression limit\u00e9e \u00e0 10 exemplaires sur Papier fine art en taille A3, 29,7 \u00a0cm par 42 cm<\/p>\n","protected":false},"excerpt":{"rendered":"<p style=\"text-align: center;\">Impression limit\u00e9e \u00e0 10 exemplaires sur Papier fine art en taille A3, 29,7 \u00a0cm par 42 cm<\/p>\n<p>Le Papier Fine Art est textur\u00e9 et pour avoir un Tirage sans reflet lors de l&rsquo;encadrement pens\u00e9 a pr\u00e9coniser une vitre anti reflet.<\/p>\n","protected":false},"featured_media":2063,"comment_status":"open","ping_status":"closed","template":"","meta":[],"product_brand":[],"product_cat":[28],"product_tag":[],"class_list":{"0":"post-2062","1":"product","2":"type-product","3":"status-publish","4":"has-post-thumbnail","6":"product_cat-non-classe","8":"first","9":"instock","10":"taxable","11":"shipping-taxable","12":"purchasable","13":"product-type-simple"},"jetpack_sharing_enabled":true,"_links":{"self":[{"href":"https:\/\/liberta-photographie.ch\/bienvenue-sur-mon-site\/wp-json\/wp\/v2\/product\/2062","targetHints":{"allow":["GET"]}}],"collection":[{"href":"https:\/\/liberta-photographie.ch\/bienvenue-sur-mon-site\/wp-json\/wp\/v2\/product"}],"about":[{"href":"https:\/\/liberta-photographie.ch\/bienvenue-sur-mon-site\/wp-json\/wp\/v2\/types\/product"}],"replies":[{"embeddable":true,"href":"https:\/\/liberta-photographie.ch\/bienvenue-sur-mon-site\/wp-json\/wp\/v2\/comments?post=2062"}],"wp:featuredmedia":[{"embeddable":true,"href":"https:\/\/liberta-photographie.ch\/bienvenue-sur-mon-site\/wp-json\/wp\/v2\/media\/2063"}],"wp:attachment":[{"href":"https:\/\/liberta-photographie.ch\/bienvenue-sur-mon-site\/wp-json\/wp\/v2\/media?parent=2062"}],"wp:term":[{"taxonomy":"product_brand","embeddable":true,"href":"https:\/\/liberta-photographie.ch\/bienvenue-sur-mon-site\/wp-json\/wp\/v2\/product_brand?post=2062"},{"taxonomy":"product_cat","embeddable":true,"href":"https:\/\/liberta-photographie.ch\/bienvenue-sur-mon-site\/wp-json\/wp\/v2\/product_cat?post=2062"},{"taxonomy":"product_tag","embeddable":true,"href":"https:\/\/liberta-photographie.ch\/bienvenue-sur-mon-site\/wp-json\/wp\/v2\/product_tag?post=2062"}],"curies":[{"name":"wp","href":"https:\/\/api.w.org\/{rel}","templated":true}]}}