{"id":2214,"date":"2024-04-16T23:50:44","date_gmt":"2024-04-16T21:50:44","guid":{"rendered":"https:\/\/liberta-photographie.ch\/bienvenue-sur-mon-site\/?post_type=product&#038;p=2214"},"modified":"2025-04-16T13:36:41","modified_gmt":"2025-04-16T11:36:41","slug":"geneva-night","status":"publish","type":"product","link":"https:\/\/liberta-photographie.ch\/bienvenue-sur-mon-site\/produit\/geneva-night\/","title":{"rendered":"Geneva Night"},"content":{"rendered":"<h4 style=\"text-align: center;\">Geneva Night<\/h4>\n<p><img loading=\"lazy\" decoding=\"async\" class=\"wp-image-2216 aligncenter\" src=\"https:\/\/liberta-photographie.ch\/wp-content\/uploads\/2024\/04\/IMG_4267-scaled.jpg\" alt=\"\" width=\"590\" height=\"834\" srcset=\"https:\/\/liberta-photographie.ch\/wp-content\/uploads\/2024\/04\/IMG_4267-scaled.jpg 1810w, https:\/\/liberta-photographie.ch\/wp-content\/uploads\/2024\/04\/IMG_4267-212x300.jpg 212w, https:\/\/liberta-photographie.ch\/wp-content\/uploads\/2024\/04\/IMG_4267-724x1024.jpg 724w, https:\/\/liberta-photographie.ch\/wp-content\/uploads\/2024\/04\/IMG_4267-768x1086.jpg 768w, https:\/\/liberta-photographie.ch\/wp-content\/uploads\/2024\/04\/IMG_4267-1086x1536.jpg 1086w, https:\/\/liberta-photographie.ch\/wp-content\/uploads\/2024\/04\/IMG_4267-1448x2048.jpg 1448w, https:\/\/liberta-photographie.ch\/wp-content\/uploads\/2024\/04\/IMG_4267-1320x1867.jpg 1320w, https:\/\/liberta-photographie.ch\/wp-content\/uploads\/2024\/04\/IMG_4267-600x849.jpg 600w\" sizes=\"auto, (max-width: 590px) 100vw, 590px\" \/><\/p>\n<p><img loading=\"lazy\" decoding=\"async\" class=\"wp-image-2215 aligncenter\" src=\"https:\/\/liberta-photographie.ch\/wp-content\/uploads\/2024\/04\/Copie-de-Concept-Mai-2.png\" alt=\"\" width=\"461\" height=\"461\" srcset=\"https:\/\/liberta-photographie.ch\/wp-content\/uploads\/2024\/04\/Copie-de-Concept-Mai-2.png 1080w, https:\/\/liberta-photographie.ch\/wp-content\/uploads\/2024\/04\/Copie-de-Concept-Mai-2-300x300.png 300w, https:\/\/liberta-photographie.ch\/wp-content\/uploads\/2024\/04\/Copie-de-Concept-Mai-2-1024x1024.png 1024w, https:\/\/liberta-photographie.ch\/wp-content\/uploads\/2024\/04\/Copie-de-Concept-Mai-2-150x150.png 150w, https:\/\/liberta-photographie.ch\/wp-content\/uploads\/2024\/04\/Copie-de-Concept-Mai-2-768x768.png 768w, https:\/\/liberta-photographie.ch\/wp-content\/uploads\/2024\/04\/Copie-de-Concept-Mai-2-600x600.png 600w, https:\/\/liberta-photographie.ch\/wp-content\/uploads\/2024\/04\/Copie-de-Concept-Mai-2-100x100.png 100w\" sizes=\"auto, (max-width: 461px) 100vw, 461px\" \/><\/p>\n<p style=\"text-align: center;\">Cr\u00e9ation 2022<\/p>\n<p style=\"text-align: center;\">Oeuvre r\u00e9alis\u00e9 lors d&rsquo;une nuit \u00e0 Gen\u00e8ve Gare Cornavin.<\/p>\n<p style=\"text-align: center;\">Il s&rsquo;agit d&rsquo;une photographie tr\u00e8s original car le symbole du coeur apparait deux fois dans la photographie, sera tu capable de trouver le deuxi\u00e8me ?<\/p>\n<p style=\"text-align: center;\">Impression limit\u00e9e \u00e0 3 exemplaires sur Papier fine art en taille A3, 29,7 \u00a0cm par 42 cm<\/p>\n","protected":false},"excerpt":{"rendered":"<p style=\"text-align: center;\">Impression limit\u00e9e \u00e0 3 exemplaires sur Papier fine art en taille A3, 29,7 \u00a0cm par 42 cm<\/p>\n<p>Le Papier Fine Art est textur\u00e9 et pour avoir un Tirage sans reflet lors de l&rsquo;encadrement pens\u00e9 a pr\u00e9coniser une vitre anti reflet.<\/p>\n","protected":false},"featured_media":2216,"comment_status":"open","ping_status":"closed","template":"","meta":[],"product_brand":[],"product_cat":[28],"product_tag":[],"class_list":{"0":"post-2214","1":"product","2":"type-product","3":"status-publish","4":"has-post-thumbnail","6":"product_cat-non-classe","8":"first","9":"instock","10":"taxable","11":"shipping-taxable","12":"purchasable","13":"product-type-simple"},"jetpack_sharing_enabled":true,"_links":{"self":[{"href":"https:\/\/liberta-photographie.ch\/bienvenue-sur-mon-site\/wp-json\/wp\/v2\/product\/2214","targetHints":{"allow":["GET"]}}],"collection":[{"href":"https:\/\/liberta-photographie.ch\/bienvenue-sur-mon-site\/wp-json\/wp\/v2\/product"}],"about":[{"href":"https:\/\/liberta-photographie.ch\/bienvenue-sur-mon-site\/wp-json\/wp\/v2\/types\/product"}],"replies":[{"embeddable":true,"href":"https:\/\/liberta-photographie.ch\/bienvenue-sur-mon-site\/wp-json\/wp\/v2\/comments?post=2214"}],"wp:featuredmedia":[{"embeddable":true,"href":"https:\/\/liberta-photographie.ch\/bienvenue-sur-mon-site\/wp-json\/wp\/v2\/media\/2216"}],"wp:attachment":[{"href":"https:\/\/liberta-photographie.ch\/bienvenue-sur-mon-site\/wp-json\/wp\/v2\/media?parent=2214"}],"wp:term":[{"taxonomy":"product_brand","embeddable":true,"href":"https:\/\/liberta-photographie.ch\/bienvenue-sur-mon-site\/wp-json\/wp\/v2\/product_brand?post=2214"},{"taxonomy":"product_cat","embeddable":true,"href":"https:\/\/liberta-photographie.ch\/bienvenue-sur-mon-site\/wp-json\/wp\/v2\/product_cat?post=2214"},{"taxonomy":"product_tag","embeddable":true,"href":"https:\/\/liberta-photographie.ch\/bienvenue-sur-mon-site\/wp-json\/wp\/v2\/product_tag?post=2214"}],"curies":[{"name":"wp","href":"https:\/\/api.w.org\/{rel}","templated":true}]}}