{"id":2356,"date":"2024-07-24T14:02:07","date_gmt":"2024-07-24T12:02:07","guid":{"rendered":"https:\/\/liberta-photographie.ch\/bienvenue-sur-mon-site\/?post_type=product&#038;p=2356"},"modified":"2025-04-16T13:36:39","modified_gmt":"2025-04-16T11:36:39","slug":"coquelicots","status":"publish","type":"product","link":"https:\/\/liberta-photographie.ch\/bienvenue-sur-mon-site\/produit\/coquelicots\/","title":{"rendered":"Coquelicots"},"content":{"rendered":"<h4 style=\"text-align: center;\">cOquelicots<\/h4>\n<p><img loading=\"lazy\" decoding=\"async\" class=\"alignnone size-full wp-image-2357\" src=\"https:\/\/liberta-photographie.ch\/wp-content\/uploads\/2024\/07\/Liberta-Photographie-Pysage-coquelicot-scaled.jpg\" alt=\"\" width=\"1810\" height=\"2560\" srcset=\"https:\/\/liberta-photographie.ch\/wp-content\/uploads\/2024\/07\/Liberta-Photographie-Pysage-coquelicot-scaled.jpg 1810w, https:\/\/liberta-photographie.ch\/wp-content\/uploads\/2024\/07\/Liberta-Photographie-Pysage-coquelicot-212x300.jpg 212w, https:\/\/liberta-photographie.ch\/wp-content\/uploads\/2024\/07\/Liberta-Photographie-Pysage-coquelicot-724x1024.jpg 724w, https:\/\/liberta-photographie.ch\/wp-content\/uploads\/2024\/07\/Liberta-Photographie-Pysage-coquelicot-768x1086.jpg 768w, https:\/\/liberta-photographie.ch\/wp-content\/uploads\/2024\/07\/Liberta-Photographie-Pysage-coquelicot-1086x1536.jpg 1086w, https:\/\/liberta-photographie.ch\/wp-content\/uploads\/2024\/07\/Liberta-Photographie-Pysage-coquelicot-1448x2048.jpg 1448w, https:\/\/liberta-photographie.ch\/wp-content\/uploads\/2024\/07\/Liberta-Photographie-Pysage-coquelicot-1240x1754.jpg 1240w, https:\/\/liberta-photographie.ch\/wp-content\/uploads\/2024\/07\/Liberta-Photographie-Pysage-coquelicot-508x718.jpg 508w, https:\/\/liberta-photographie.ch\/wp-content\/uploads\/2024\/07\/Liberta-Photographie-Pysage-coquelicot-1320x1867.jpg 1320w, https:\/\/liberta-photographie.ch\/wp-content\/uploads\/2024\/07\/Liberta-Photographie-Pysage-coquelicot-600x848.jpg 600w\" sizes=\"auto, (max-width: 1810px) 100vw, 1810px\" \/><\/p>\n<p><img loading=\"lazy\" decoding=\"async\" class=\"wp-image-2358 aligncenter\" src=\"https:\/\/liberta-photographie.ch\/wp-content\/uploads\/2024\/07\/Coquelicot-en-cadre.png\" alt=\"\" width=\"401\" height=\"401\" srcset=\"https:\/\/liberta-photographie.ch\/wp-content\/uploads\/2024\/07\/Coquelicot-en-cadre.png 1080w, https:\/\/liberta-photographie.ch\/wp-content\/uploads\/2024\/07\/Coquelicot-en-cadre-300x300.png 300w, https:\/\/liberta-photographie.ch\/wp-content\/uploads\/2024\/07\/Coquelicot-en-cadre-1024x1024.png 1024w, https:\/\/liberta-photographie.ch\/wp-content\/uploads\/2024\/07\/Coquelicot-en-cadre-150x150.png 150w, https:\/\/liberta-photographie.ch\/wp-content\/uploads\/2024\/07\/Coquelicot-en-cadre-768x768.png 768w, https:\/\/liberta-photographie.ch\/wp-content\/uploads\/2024\/07\/Coquelicot-en-cadre-508x508.png 508w, https:\/\/liberta-photographie.ch\/wp-content\/uploads\/2024\/07\/Coquelicot-en-cadre-600x600.png 600w, https:\/\/liberta-photographie.ch\/wp-content\/uploads\/2024\/07\/Coquelicot-en-cadre-100x100.png 100w\" sizes=\"auto, (max-width: 401px) 100vw, 401px\" \/><\/p>\n<p>&nbsp;<\/p>\n<p style=\"text-align: center;\">Cr\u00e9ation 2024<\/p>\n<p style=\"text-align: center;\">Oeuvre r\u00e9alis\u00e9 lors d&rsquo;une s\u00e9ance Photographique<\/p>\n<p style=\"text-align: center;\">Il s&rsquo;agit d&rsquo;une photographie d&rsquo;un moment apaisant. Le contraste entre le rouge du coquelicot, leurs fragilit\u00e9s et le bleu du ciel qui para\u00eet orageux. Le vert de l&rsquo;herbe am\u00e8ne de la douceur.<\/p>\n<p>&nbsp;<\/p>\n<p style=\"text-align: center;\">Signification des couleurs :<\/p>\n<p style=\"text-align: center;\"><strong>Bleu :<\/strong> calme, confiance, s\u00e9curit\u00e9, intelligence, stabilit\u00e9, libert\u00e9.<\/p>\n<p style=\"text-align: center;\"><strong>Rouge :<\/strong> passion, d\u00e9sir, urgence, excitation, go\u00fbt de la vie, amour.<\/p>\n<p style=\"text-align: center;\"><strong>Vert :<\/strong> nature, croissance, chance, sant\u00e9, harmonie, tranquillit\u00e9\/zen.<\/p>\n<p>&nbsp;<\/p>\n<p style=\"text-align: center;\">Impression limit\u00e9e \u00e0 4 exemplaires sur Papier fine art en taille A3, 29,7 \u00a0cm par 42 cm<\/p>\n","protected":false},"excerpt":{"rendered":"<p style=\"text-align: center;\">Impression limit\u00e9e \u00e0 4 exemplaires sur Papier fine art en taille A3, 29,7 \u00a0cm par 42 cm<\/p>\n<p>Le Papier Fine Art est textur\u00e9 et pour avoir un Tirage sans reflet lors de l&rsquo;encadrement pens\u00e9 a pr\u00e9coniser une vitre anti reflet.<\/p>\n","protected":false},"featured_media":2357,"comment_status":"open","ping_status":"closed","template":"","meta":[],"product_brand":[],"product_cat":[28],"product_tag":[],"class_list":{"0":"post-2356","1":"product","2":"type-product","3":"status-publish","4":"has-post-thumbnail","6":"product_cat-non-classe","8":"first","9":"instock","10":"taxable","11":"shipping-taxable","12":"purchasable","13":"product-type-simple"},"jetpack_sharing_enabled":true,"_links":{"self":[{"href":"https:\/\/liberta-photographie.ch\/bienvenue-sur-mon-site\/wp-json\/wp\/v2\/product\/2356","targetHints":{"allow":["GET"]}}],"collection":[{"href":"https:\/\/liberta-photographie.ch\/bienvenue-sur-mon-site\/wp-json\/wp\/v2\/product"}],"about":[{"href":"https:\/\/liberta-photographie.ch\/bienvenue-sur-mon-site\/wp-json\/wp\/v2\/types\/product"}],"replies":[{"embeddable":true,"href":"https:\/\/liberta-photographie.ch\/bienvenue-sur-mon-site\/wp-json\/wp\/v2\/comments?post=2356"}],"wp:featuredmedia":[{"embeddable":true,"href":"https:\/\/liberta-photographie.ch\/bienvenue-sur-mon-site\/wp-json\/wp\/v2\/media\/2357"}],"wp:attachment":[{"href":"https:\/\/liberta-photographie.ch\/bienvenue-sur-mon-site\/wp-json\/wp\/v2\/media?parent=2356"}],"wp:term":[{"taxonomy":"product_brand","embeddable":true,"href":"https:\/\/liberta-photographie.ch\/bienvenue-sur-mon-site\/wp-json\/wp\/v2\/product_brand?post=2356"},{"taxonomy":"product_cat","embeddable":true,"href":"https:\/\/liberta-photographie.ch\/bienvenue-sur-mon-site\/wp-json\/wp\/v2\/product_cat?post=2356"},{"taxonomy":"product_tag","embeddable":true,"href":"https:\/\/liberta-photographie.ch\/bienvenue-sur-mon-site\/wp-json\/wp\/v2\/product_tag?post=2356"}],"curies":[{"name":"wp","href":"https:\/\/api.w.org\/{rel}","templated":true}]}}